{"id":3,"date":"2025-07-26T17:41:58","date_gmt":"2025-07-26T17:41:58","guid":{"rendered":"https:\/\/staging.obl-eupen-kettenis.be\/?page_id=3"},"modified":"2025-10-31T13:34:20","modified_gmt":"2025-10-31T13:34:20","slug":"privacy-policy","status":"publish","type":"page","link":"https:\/\/obl-eupen-kettenis.be\/?page_id=3","title":{"rendered":"Datenschutzerkl\u00e4rung"},"content":{"rendered":"\n<h2 class=\"wp-block-heading\"><\/h2>\n\n\n\n<h2 class=\"wp-block-heading\">Wer wir sind<\/h2>\n\n\n\n<p>Unsere Website-Adresse lautet: <a href=\"https:\/\/staging.obl-eupen-kettenis.be\">https:\/\/obl-eupen-kettenis.be<\/a>.<\/p>\n\n\n\n<h2 class=\"wp-block-heading\">Kommentare<\/h2>\n\n\n\n<p>Wenn Besucher Kommentare auf unserer Seite hinterlassen, sammeln wir die im Kommentarformular angezeigten Daten sowie die IP-Adresse des Besuchers und den Browser-User-Agent zur Erkennung von Spam.<\/p>\n\n\n\n<p>Ein anonymisierter Hash Ihrer E-Mail-Adresse kann dem Gravatar-Dienst zur Verf\u00fcgung gestellt werden, um zu pr\u00fcfen, ob Sie diesen Dienst nutzen. Die Datenschutzrichtlinie von Gravatar finden Sie hier: <a href=\"https:\/\/automattic.com\/privacy\/\">https:\/\/automattic.com\/privacy\/<\/a>. Nach Freigabe Ihres Kommentars ist Ihr Profilbild \u00f6ffentlich im Zusammenhang mit Ihrem Kommentar sichtbar.<\/p>\n\n\n\n<h2 class=\"wp-block-heading\">Medien<\/h2>\n\n\n\n<p>Wenn Sie Bilder auf die Website hochladen, vermeiden Sie bitte das Hochladen von Bildern mit eingebetteten Standortdaten (EXIF GPS). Besucher der Website k\u00f6nnen diese Daten aus den hochgeladenen Bildern extrahieren.<\/p>\n\n\n\n<h2 class=\"wp-block-heading\">Cookies<\/h2>\n\n\n\n<p>Wenn Sie einen Kommentar hinterlassen, k\u00f6nnen Sie die Speicherung Ihres Namens, Ihrer E-Mail-Adresse und Ihrer Website in Cookies aktivieren. Diese Cookies dienen Ihrer Bequemlichkeit und bleiben ein Jahr lang aktiv.<\/p>\n\n\n\n<p>Beim Besuch unserer Login-Seite setzen wir ein tempor\u00e4res Cookie, um zu pr\u00fcfen, ob Ihr Browser Cookies akzeptiert. Dieses Cookie enth\u00e4lt keine pers\u00f6nlichen Daten und wird beim Schlie\u00dfen des Browsers gel\u00f6scht.<\/p>\n\n\n\n<p>Beim Einloggen setzen wir zus\u00e4tzliche Cookies, um Ihre Login-Informationen und Anzeigeeinstellungen zu speichern. Login-Cookies bleiben zwei Tage aktiv, Anzeigeoptionen-Cookies ein Jahr. Bei Aktivierung von \u201eAngemeldet bleiben\u201c bleibt das Login zwei Wochen bestehen. Beim Ausloggen werden die Login-Cookies gel\u00f6scht.<\/p>\n\n\n\n<p>Wenn Sie einen Artikel bearbeiten oder ver\u00f6ffentlichen, wird ein weiteres Cookie gespeichert, das keine pers\u00f6nlichen Daten enth\u00e4lt und nur die ID des bearbeiteten Artikels angibt. Es l\u00e4uft nach einem Tag ab.<\/p>\n\n\n\n<h2 class=\"wp-block-heading\">Inhalte anderer Websites<\/h2>\n\n\n\n<p>Artikel auf dieser Seite k\u00f6nnen eingebettete Inhalte (z.\u202fB. Videos, Bilder, Artikel) enthalten. Eingebettete Inhalte verhalten sich so, als h\u00e4tten Sie die andere Website direkt besucht. Diese Websites k\u00f6nnen Daten \u00fcber Sie sammeln, Cookies verwenden, zus\u00e4tzliche Tracking-Dienste einbetten und Ihre Interaktionen \u00fcberwachen, einschlie\u00dflich wenn Sie auf der jeweiligen Website angemeldet sind.<\/p>\n\n\n\n<h2 class=\"wp-block-heading\">Weitergabe von Daten<\/h2>\n\n\n\n<p>Wenn Sie ein Passwort zur\u00fccksetzen, wird Ihre IP-Adresse in der E-Mail enthalten sein.<\/p>\n\n\n\n<h2 class=\"wp-block-heading\">Speicherdauer Ihrer Daten<\/h2>\n\n\n\n<p>Kommentare und deren Metadaten werden unbegrenzt gespeichert, damit wir Folgekommentare automatisch erkennen und freigeben k\u00f6nnen. F\u00fcr registrierte Benutzer speichern wir die von ihnen angegebenen pers\u00f6nlichen Daten im Benutzerprofil. Benutzer k\u00f6nnen ihre Daten jederzeit einsehen, bearbeiten oder l\u00f6schen (au\u00dfer den Benutzernamen). Administratoren k\u00f6nnen ebenfalls auf diese Daten zugreifen und sie bearbeiten.<\/p>\n\n\n\n<h2 class=\"wp-block-heading\">Ihre Rechte<\/h2>\n\n\n\n<p>Wenn Sie ein Konto auf dieser Website haben oder Kommentare hinterlassen haben, k\u00f6nnen Sie die Herausgabe aller pers\u00f6nlichen Daten, die wir \u00fcber Sie speichern, anfordern. Sie k\u00f6nnen auch die L\u00f6schung Ihrer Daten verlangen. Dies gilt nicht f\u00fcr Daten, die wir aus administrativen, rechtlichen oder Sicherheitsgr\u00fcnden aufbewahren m\u00fcssen.<\/p>\n\n\n\n<h2 class=\"wp-block-heading\">Weitergabe und Pr\u00fcfung von Daten<\/h2>\n\n\n\n<p>Kommentare von Besuchern k\u00f6nnen \u00fcber einen automatisierten Spam-Erkennungsdienst gepr\u00fcft werden.<\/p>\n","protected":false},"excerpt":{"rendered":"<p>Wer wir sind Unsere Website-Adresse lautet: https:\/\/obl-eupen-kettenis.be. Kommentare Wenn Besucher Kommentare auf unserer Seite hinterlassen, sammeln wir die im Kommentarformular angezeigten Daten sowie die IP-Adresse des Besuchers und den Browser-User-Agent zur Erkennung von Spam. Ein anonymisierter Hash Ihrer E-Mail-Adresse kann dem Gravatar-Dienst zur Verf\u00fcgung gestellt werden, um zu pr\u00fcfen, ob Sie diesen Dienst nutzen. Die [&hellip;]<\/p>\n","protected":false},"author":1,"featured_media":0,"parent":0,"menu_order":0,"comment_status":"closed","ping_status":"open","template":"","meta":{"footnotes":""},"class_list":["post-3","page","type-page","status-publish","hentry"],"_links":{"self":[{"href":"https:\/\/obl-eupen-kettenis.be\/index.php?rest_route=\/wp\/v2\/pages\/3","targetHints":{"allow":["GET"]}}],"collection":[{"href":"https:\/\/obl-eupen-kettenis.be\/index.php?rest_route=\/wp\/v2\/pages"}],"about":[{"href":"https:\/\/obl-eupen-kettenis.be\/index.php?rest_route=\/wp\/v2\/types\/page"}],"author":[{"embeddable":true,"href":"https:\/\/obl-eupen-kettenis.be\/index.php?rest_route=\/wp\/v2\/users\/1"}],"replies":[{"embeddable":true,"href":"https:\/\/obl-eupen-kettenis.be\/index.php?rest_route=%2Fwp%2Fv2%2Fcomments&post=3"}],"version-history":[{"count":1,"href":"https:\/\/obl-eupen-kettenis.be\/index.php?rest_route=\/wp\/v2\/pages\/3\/revisions"}],"predecessor-version":[{"id":2848,"href":"https:\/\/obl-eupen-kettenis.be\/index.php?rest_route=\/wp\/v2\/pages\/3\/revisions\/2848"}],"wp:attachment":[{"href":"https:\/\/obl-eupen-kettenis.be\/index.php?rest_route=%2Fwp%2Fv2%2Fmedia&parent=3"}],"curies":[{"name":"wp","href":"https:\/\/api.w.org\/{rel}","templated":true}]}}